{"id":16,"date":"2019-04-13T00:38:29","date_gmt":"2019-04-13T00:38:29","guid":{"rendered":"http:\/\/www.sanitas.com.mx\/?page_id=16"},"modified":"2019-04-13T00:38:29","modified_gmt":"2019-04-13T00:38:29","slug":"toallas-interdobladas","status":"publish","type":"page","link":"https:\/\/despachadores.net\/?page_id=16","title":{"rendered":"Toallas Interdobladas"},"content":{"rendered":"\n<figure class=\"wp-block-image\"><img decoding=\"async\" src=\"http:\/\/www.sanitas.com.mx\/wp-content\/uploads\/2020\/01\/Captura-de-pantalla-2019-03-15-a-las-16.22.15-1-1024x633.png\" alt=\"Toallas interdobladas\"\/><figcaption>\ufeff<\/figcaption><\/figure>\n\n\n\n<h4 class=\"wp-block-heading\">Contamos con las toallas interdobladas en las  marcas Kimberly Clark, Sanitas, Soft &amp; White<\/h4>\n\n\n\n<h4 class=\"wp-block-heading\">Si la marca de su toalla interdoblada no se encuentra enunciada, h\u00e1blenos, con gusto le atenderemos.<\/h4>\n\n\n\n<h4 class=\"wp-block-heading\">El equipo que usted requiere para su empresa, sin embargo si quiere una consulta y desea la muestra de toalla en rollo y de los despachadores, debe solicitarlos. As\u00ed mismo puede verlos en la pagina de despachadores. Es la mejor opci\u00f3n, no se arrepentir\u00e1<\/h4>\n\n\n\n<h4 class=\"wp-block-heading\">Entregamos a domicilio sin costo<\/h4>\n\n\n\n<h4 class=\"wp-block-heading\">Tel. 55 5633 1240 y 55 5634 0799<\/h4>\n\n\n\n<div class=\"wp-block-image\"><figure class=\"aligncenter is-resized\"><img loading=\"lazy\" decoding=\"async\" src=\"https:\/\/www.sanitas.com.mx\/wp-content\/uploads\/2020\/02\/WhatApp.png\" alt=\"5531031777\" width=\"73\" height=\"73\"\/><\/figure><\/div>\n\n\n\n<h4 class=\"has-text-align-center wp-block-heading\">WhatsApp 55 3103 1777<\/h4>\n\n\n\n<h2 class=\"wp-block-heading\">Cont\u00e1ctenos<\/h2>\n","protected":false},"excerpt":{"rendered":"<p>Contamos con las toallas interdobladas en las marcas Kimberly Clark, Sanitas, Soft &amp; White Si la marca de su toalla interdoblada no se encuentra enunciada, h\u00e1blenos, con gusto le atenderemos. El equipo que usted requiere para su empresa, sin embargo si quiere una consulta y desea la muestra de toalla en rollo y de los [&hellip;]<\/p>\n","protected":false},"author":2,"featured_media":0,"parent":0,"menu_order":0,"comment_status":"closed","ping_status":"closed","template":"","meta":{"_genesis_hide_title":false,"_genesis_hide_breadcrumbs":false,"_genesis_hide_singular_image":false,"_genesis_hide_footer_widgets":false,"_genesis_custom_body_class":"","_genesis_custom_post_class":"","_genesis_layout":"","footnotes":""},"class_list":{"0":"post-16","1":"page","2":"type-page","3":"status-publish","5":"entry"},"_links":{"self":[{"href":"https:\/\/despachadores.net\/index.php?rest_route=\/wp\/v2\/pages\/16","targetHints":{"allow":["GET"]}}],"collection":[{"href":"https:\/\/despachadores.net\/index.php?rest_route=\/wp\/v2\/pages"}],"about":[{"href":"https:\/\/despachadores.net\/index.php?rest_route=\/wp\/v2\/types\/page"}],"author":[{"embeddable":true,"href":"https:\/\/despachadores.net\/index.php?rest_route=\/wp\/v2\/users\/2"}],"replies":[{"embeddable":true,"href":"https:\/\/despachadores.net\/index.php?rest_route=%2Fwp%2Fv2%2Fcomments&post=16"}],"version-history":[{"count":0,"href":"https:\/\/despachadores.net\/index.php?rest_route=\/wp\/v2\/pages\/16\/revisions"}],"wp:attachment":[{"href":"https:\/\/despachadores.net\/index.php?rest_route=%2Fwp%2Fv2%2Fmedia&parent=16"}],"curies":[{"name":"wp","href":"https:\/\/api.w.org\/{rel}","templated":true}]}}