{"id":19,"date":"2019-04-13T00:38:29","date_gmt":"2019-04-13T00:38:29","guid":{"rendered":"http:\/\/www.sanitas.com.mx\/?page_id=19"},"modified":"2019-04-13T00:38:29","modified_gmt":"2019-04-13T00:38:29","slug":"despachadores-dispensadores","status":"publish","type":"page","link":"https:\/\/despachadores.net\/?page_id=19","title":{"rendered":"Despachadores-dispensadores"},"content":{"rendered":"\n<div class=\"wp-block-image\"><figure class=\"aligncenter is-resized\"><img loading=\"lazy\" decoding=\"async\" src=\"http:\/\/www.sanitas.com.mx\/wp-content\/uploads\/2019\/05\/despachadores-encabezado.jpg\" alt=\"despachadores\" class=\"wp-image-421\" width=\"739\" height=\"429\" srcset=\"https:\/\/despachadores.net\/wp-content\/uploads\/2019\/05\/despachadores-encabezado.jpg 898w, https:\/\/despachadores.net\/wp-content\/uploads\/2019\/05\/despachadores-encabezado-300x175.jpg 300w, https:\/\/despachadores.net\/wp-content\/uploads\/2019\/05\/despachadores-encabezado-768x447.jpg 768w\" sizes=\"auto, (max-width: 739px) 100vw, 739px\" \/><\/figure><\/div>\n\n\n\n<h4 class=\"wp-block-heading\">Primeramente, tenemos los Despachadores de papel higi\u00e9nico<\/h4>\n\n\n\n<div class=\"wp-block-image\"><figure class=\"aligncenter size-large\"><img decoding=\"async\" src=\"https:\/\/www.sanitas.com.mx\/wp-content\/uploads\/2020\/02\/despachadores-de-papel-higie\u0301nico.png\" alt=\"despachadores de papel\" class=\"wp-image-663\"\/><\/figure><\/div>\n\n\n\n<h4 class=\"wp-block-heading\">as\u00ed como, Despachadores de toalla interdoblada<\/h4>\n\n\n\n<div class=\"wp-block-image\"><figure class=\"aligncenter size-large is-resized\"><img loading=\"lazy\" decoding=\"async\" src=\"https:\/\/www.sanitas.com.mx\/wp-content\/uploads\/2020\/02\/despachadores-de-toalla-interdoblada.png\" alt=\"despachadores-de-toalla-interdoblada\" class=\"wp-image-681\" width=\"440\" height=\"316\" srcset=\"https:\/\/despachadores.net\/wp-content\/uploads\/2020\/02\/despachadores-de-toalla-interdoblada.png 351w, https:\/\/despachadores.net\/wp-content\/uploads\/2020\/02\/despachadores-de-toalla-interdoblada-300x216.png 300w\" sizes=\"auto, (max-width: 440px) 100vw, 440px\" \/><figcaption>despachadores-de-toalla-interdoblada<\/figcaption><\/figure><\/div>\n\n\n\n<h4 class=\"wp-block-heading\">tamb\u00eden, Despachadores de toalla en rollo<\/h4>\n\n\n\n<figure class=\"wp-block-image size-large\"><img loading=\"lazy\" decoding=\"async\" width=\"487\" height=\"301\" src=\"https:\/\/www.sanitas.com.mx\/wp-content\/uploads\/2020\/02\/despachadores-de-toalla-en-rollo.png\" alt=\"Despachadores de toalla en rollo\" class=\"wp-image-647\" srcset=\"https:\/\/despachadores.net\/wp-content\/uploads\/2020\/02\/despachadores-de-toalla-en-rollo.png 487w, https:\/\/despachadores.net\/wp-content\/uploads\/2020\/02\/despachadores-de-toalla-en-rollo-300x185.png 300w\" sizes=\"auto, (max-width: 487px) 100vw, 487px\" \/><\/figure>\n\n\n\n<h4 class=\"wp-block-heading\">y por \u00faltimo los despachadores de jab\u00f3n o jaboneras<\/h4>\n\n\n\n<figure class=\"wp-block-image size-large\"><img decoding=\"async\" src=\"https:\/\/www.sanitas.com.mx\/wp-content\/uploads\/2020\/02\/despachadores-de-jabo\u0301n-o-jaboneras.png\" alt=\"despachadores de jab\u00f3n o jaboneras\" class=\"wp-image-651\"\/><\/figure>\n","protected":false},"excerpt":{"rendered":"<p>Primeramente, tenemos los Despachadores de papel higi\u00e9nico as\u00ed como, Despachadores de toalla interdoblada tamb\u00eden, Despachadores de toalla en rollo y por \u00faltimo los despachadores de jab\u00f3n o jaboneras<\/p>\n","protected":false},"author":2,"featured_media":0,"parent":15,"menu_order":0,"comment_status":"closed","ping_status":"closed","template":"","meta":{"_genesis_hide_title":false,"_genesis_hide_breadcrumbs":false,"_genesis_hide_singular_image":false,"_genesis_hide_footer_widgets":false,"_genesis_custom_body_class":"","_genesis_custom_post_class":"","_genesis_layout":"","footnotes":""},"class_list":{"0":"post-19","1":"page","2":"type-page","3":"status-publish","5":"entry"},"_links":{"self":[{"href":"https:\/\/despachadores.net\/index.php?rest_route=\/wp\/v2\/pages\/19","targetHints":{"allow":["GET"]}}],"collection":[{"href":"https:\/\/despachadores.net\/index.php?rest_route=\/wp\/v2\/pages"}],"about":[{"href":"https:\/\/despachadores.net\/index.php?rest_route=\/wp\/v2\/types\/page"}],"author":[{"embeddable":true,"href":"https:\/\/despachadores.net\/index.php?rest_route=\/wp\/v2\/users\/2"}],"replies":[{"embeddable":true,"href":"https:\/\/despachadores.net\/index.php?rest_route=%2Fwp%2Fv2%2Fcomments&post=19"}],"version-history":[{"count":0,"href":"https:\/\/despachadores.net\/index.php?rest_route=\/wp\/v2\/pages\/19\/revisions"}],"up":[{"embeddable":true,"href":"https:\/\/despachadores.net\/index.php?rest_route=\/wp\/v2\/pages\/15"}],"wp:attachment":[{"href":"https:\/\/despachadores.net\/index.php?rest_route=%2Fwp%2Fv2%2Fmedia&parent=19"}],"curies":[{"name":"wp","href":"https:\/\/api.w.org\/{rel}","templated":true}]}}