{"id":480,"date":"2020-01-03T03:05:43","date_gmt":"2020-01-03T03:05:43","guid":{"rendered":"http:\/\/www.sanitas.com.mx\/?page_id=480"},"modified":"2020-01-03T03:05:43","modified_gmt":"2020-01-03T03:05:43","slug":"papel-higienico","status":"publish","type":"page","link":"https:\/\/despachadores.net\/?page_id=480","title":{"rendered":"Papel higi\u00e9nico"},"content":{"rendered":"\n<figure class=\"wp-block-image size-large\"><img loading=\"lazy\" decoding=\"async\" width=\"900\" height=\"453\" src=\"https:\/\/www.sanitas.com.mx\/wp-content\/uploads\/2019\/05\/papel-higienico-colage-1.jpg\" alt=\"papel higi\u00e9nico\" class=\"wp-image-423\" srcset=\"https:\/\/despachadores.net\/wp-content\/uploads\/2019\/05\/papel-higienico-colage-1.jpg 900w, https:\/\/despachadores.net\/wp-content\/uploads\/2019\/05\/papel-higienico-colage-1-300x151.jpg 300w, https:\/\/despachadores.net\/wp-content\/uploads\/2019\/05\/papel-higienico-colage-1-768x387.jpg 768w\" sizes=\"auto, (max-width: 900px) 100vw, 900px\" \/><\/figure>\n\n\n\n<h3 class=\"wp-block-heading\">Tipos de papel higi\u00e9nico, contamos con las marcas de papel higi\u00e9nico por una parte los de Kimberly Clark y por otra parte Soft &amp; White<\/h3>\n\n\n\n<h4 class=\"wp-block-heading\">Marca Marli de Kimberly Clark junior <\/h4>\n\n\n\n<p><a href=\"https:\/\/www.sanitas.com.mx\/higienico-jumbo-marli-jr-200-mts\/\">200 metros<\/a><\/p>\n\n\n\n<h4 class=\"wp-block-heading\">Marca Marli de Kimberly Clark master<\/h4>\n\n\n\n<p><a href=\"https:\/\/www.sanitas.com.mx\/higienico-jumbo-marli-sr-400-mts\/\">400 metros<\/a><\/p>\n\n\n\n<h4 class=\"wp-block-heading\">Marca P\u00e9talo de Kimberly Clark<\/h4>\n\n\n\n<p><a href=\"https:\/\/www.sanitas.com.mx\/higienico-jumbo-petalo-jr\/\">250 metros <\/a><\/p>\n\n\n\n<p><a href=\"https:\/\/www.sanitas.com.mx\/higienico-jumbo-petalo-sr\/\">500 metros<\/a><\/p>\n\n\n\n<h4 class=\"wp-block-heading\">Marca Soft and White junior<\/h4>\n\n\n\n<p><a href=\"https:\/\/www.sanitas.com.mx\/higienico-jumbo-junior-de-200-metros-softwhite\/\">200 metros<\/a><\/p>\n\n\n\n<p><a href=\"https:\/\/www.sanitas.com.mx\/higienico-jumbo-junior-de-250-metros-soft-and-white\/\">250 metros<\/a><\/p>\n\n\n\n<p><a href=\"https:\/\/www.sanitas.com.mx\/higienico-jumbo-junior-de-300-metros-soft-and-white\/\">300 metros<\/a><\/p>\n\n\n\n<h4 class=\"wp-block-heading\">Marca Soft and White master<\/h4>\n\n\n\n<p><a href=\"https:\/\/www.sanitas.com.mx\/higienico-jumbo-master-de-400-metros-soft-and-white\/\">400 metros<\/a><\/p>\n\n\n\n<p><a href=\"https:\/\/www.sanitas.com.mx\/higienico-jumbo-master-de-500-metros-soft-and-white\/\">500 metros<\/a><\/p>\n\n\n\n<p><a href=\"https:\/\/www.sanitas.com.mx\/higienico-jumbo-master-de-600-metros-soft-and-white\/\">600 metros<\/a><\/p>\n\n\n\n<p> si la marca de su papel no se encuentra enunciada, h\u00e1blenos, con gusto le atenderemos.<\/p>\n\n\n\n<p>El equipo que usted requiere para su empresa, si quiere una consulta y desea la muestra de papel higi\u00e9nico y de los despachadores, debe solicitarlos. por \u00faltimo puede verlos en la pagina de despachadores. Es la mejor opci\u00f3n, no se arrepentir\u00e1<\/p>\n\n\n\n<h4 class=\"wp-block-heading\">Entregamos a domicilio sin costo<\/h4>\n\n\n\n<h4 class=\"has-text-align-center wp-block-heading\">Tel. 55 5633 1240 y 55 5634 0799<\/h4>\n\n\n\n<div class=\"wp-block-image\"><figure class=\"aligncenter size-large is-resized\"><img loading=\"lazy\" decoding=\"async\" src=\"https:\/\/www.sanitas.com.mx\/wp-content\/uploads\/2020\/02\/WhatApp.png\" alt=\"Papel higi\u00e9nico, SANITAS; toalla en rollo, jaboneras, despachadores\" class=\"wp-image-554\" width=\"97\" height=\"97\" srcset=\"https:\/\/despachadores.net\/wp-content\/uploads\/2020\/02\/WhatApp.png 178w, https:\/\/despachadores.net\/wp-content\/uploads\/2020\/02\/WhatApp-150x150.png 150w\" sizes=\"auto, (max-width: 97px) 100vw, 97px\" \/><\/figure><\/div>\n\n\n\n<h4 class=\"has-text-align-center wp-block-heading\">WhatsApp 55 3103 1777<\/h4>\n\n\n\n<div class=\"wp-block-button aligncenter\"><a class=\"wp-block-button__link\">INICIO<\/a><\/div>\n","protected":false},"excerpt":{"rendered":"<p>Tipos de papel higi\u00e9nico, contamos con las marcas de papel higi\u00e9nico por una parte los de Kimberly Clark y por otra parte Soft &amp; White Marca Marli de Kimberly Clark junior 200 metros Marca Marli de Kimberly Clark master 400 metros Marca P\u00e9talo de Kimberly Clark 250 metros 500 metros Marca Soft and White junior [&hellip;]<\/p>\n","protected":false},"author":2,"featured_media":0,"parent":0,"menu_order":0,"comment_status":"closed","ping_status":"closed","template":"","meta":{"_genesis_hide_title":false,"_genesis_hide_breadcrumbs":false,"_genesis_hide_singular_image":false,"_genesis_hide_footer_widgets":false,"_genesis_custom_body_class":"","_genesis_custom_post_class":"","_genesis_layout":"","footnotes":""},"class_list":{"0":"post-480","1":"page","2":"type-page","3":"status-publish","5":"entry"},"_links":{"self":[{"href":"https:\/\/despachadores.net\/index.php?rest_route=\/wp\/v2\/pages\/480","targetHints":{"allow":["GET"]}}],"collection":[{"href":"https:\/\/despachadores.net\/index.php?rest_route=\/wp\/v2\/pages"}],"about":[{"href":"https:\/\/despachadores.net\/index.php?rest_route=\/wp\/v2\/types\/page"}],"author":[{"embeddable":true,"href":"https:\/\/despachadores.net\/index.php?rest_route=\/wp\/v2\/users\/2"}],"replies":[{"embeddable":true,"href":"https:\/\/despachadores.net\/index.php?rest_route=%2Fwp%2Fv2%2Fcomments&post=480"}],"version-history":[{"count":0,"href":"https:\/\/despachadores.net\/index.php?rest_route=\/wp\/v2\/pages\/480\/revisions"}],"wp:attachment":[{"href":"https:\/\/despachadores.net\/index.php?rest_route=%2Fwp%2Fv2%2Fmedia&parent=480"}],"curies":[{"name":"wp","href":"https:\/\/api.w.org\/{rel}","templated":true}]}}