{"id":746,"date":"2020-03-10T15:41:34","date_gmt":"2020-03-10T15:41:34","guid":{"rendered":"https:\/\/www.sanitas.com.mx\/?page_id=746"},"modified":"2020-03-10T15:41:34","modified_gmt":"2020-03-10T15:41:34","slug":"despachador-de-sanitas-3","status":"publish","type":"page","link":"https:\/\/despachadores.net\/","title":{"rendered":"Despachador de sanitas"},"content":{"rendered":"\n<h4 class=\"has-text-align-center wp-block-heading\">Imagen del despachador de sanitas<\/h4>\n\n\n\n<div class=\"wp-block-image\"><figure class=\"aligncenter size-large is-resized\"><img loading=\"lazy\" decoding=\"async\" src=\"https:\/\/www.sanitas.com.mx\/wp-content\/uploads\/2020\/03\/despachador-de-sanitas.png\" alt=\"despachador de sanitas\" class=\"wp-image-747\" width=\"585\" height=\"422\" srcset=\"https:\/\/despachadores.net\/wp-content\/uploads\/2020\/03\/despachador-de-sanitas.png 351w, https:\/\/despachadores.net\/wp-content\/uploads\/2020\/03\/despachador-de-sanitas-300x216.png 300w\" sizes=\"auto, (max-width: 585px) 100vw, 585px\" \/><\/figure><\/div>\n\n\n\n<h2 class=\"wp-block-heading\">Caracter\u00edsticas y beneficios del dispensador de sanitas<\/h2>\n\n\n\n<p><strong>Nombre:<\/strong>&nbsp;Despachador Toalla Interdoblada Mini Plus Humo<\/p>\n\n\n\n<p><strong>Clave:<\/strong>&nbsp;92260 y 94345<\/p>\n\n\n\n<p><strong>Color:<\/strong>&nbsp;&nbsp;&nbsp;blanco y humo<\/p>\n\n\n\n<p><strong>Tama\u00f1o de producto:<\/strong>&nbsp;29.3 x 14 x 28.8 cm<\/p>\n\n\n\n<p>Nuestra gran variedad de despachadores permite al usuario elegir la mejor opci\u00f3n de acuerdo a sus necesidades y especificaciones, as\u00ed como al gusto y funcionalidad que est\u00e9 buscando lograr en cada uno de los lugares de trabajo.<\/p>\n\n\n\n<ul class=\"wp-block-list\"><li>Vienen desarmados con su instructivo respectivo<\/li><li>Boquilla redise\u00f1ada permite el paso de una toalla de papel a la vez<\/li><li>Adem\u00e1s tiene una capacidad de 400 toallas interdobladas de papel<\/li><\/ul>\n\n\n\n<h4 class=\"wp-block-heading\">As\u00ed mismo, los porta sanitas los entregamos a domicilio sin costo .<\/h4>\n\n\n\n<h5 class=\"wp-block-heading\">Tambi\u00e9n puede ponerse en contacto con nosotros al 55 5633 1240 y 55 56340799 o si lo prefiere, <\/h5>\n\n\n\n<div class=\"wp-block-image\"><figure class=\"aligncenter size-large is-resized\"><img loading=\"lazy\" decoding=\"async\" src=\"https:\/\/www.sanitas.com.mx\/wp-content\/uploads\/2020\/02\/WhatApp.png\" alt=\"\" class=\"wp-image-554\" width=\"86\" height=\"86\" srcset=\"https:\/\/despachadores.net\/wp-content\/uploads\/2020\/02\/WhatApp.png 178w, https:\/\/despachadores.net\/wp-content\/uploads\/2020\/02\/WhatApp-150x150.png 150w\" sizes=\"auto, (max-width: 86px) 100vw, 86px\" \/><\/figure><\/div>\n\n\n\n<h5 class=\"wp-block-heading\">env\u00edenos un WhatsApp al 55 3103 1777<\/h5>\n","protected":false},"excerpt":{"rendered":"<p>Imagen del despachador de sanitas Caracter\u00edsticas y beneficios del dispensador de sanitas Nombre:&nbsp;Despachador Toalla Interdoblada Mini Plus Humo Clave:&nbsp;92260 y 94345 Color:&nbsp;&nbsp;&nbsp;blanco y humo Tama\u00f1o de producto:&nbsp;29.3 x 14 x 28.8 cm Nuestra gran variedad de despachadores permite al usuario elegir la mejor opci\u00f3n de acuerdo a sus necesidades y especificaciones, as\u00ed como al gusto [&hellip;]<\/p>\n","protected":false},"author":2,"featured_media":0,"parent":0,"menu_order":0,"comment_status":"closed","ping_status":"closed","template":"","meta":{"_genesis_hide_title":false,"_genesis_hide_breadcrumbs":false,"_genesis_hide_singular_image":false,"_genesis_hide_footer_widgets":false,"_genesis_custom_body_class":"","_genesis_custom_post_class":"","_genesis_layout":"","footnotes":""},"class_list":{"0":"post-746","1":"page","2":"type-page","3":"status-publish","5":"entry"},"_links":{"self":[{"href":"https:\/\/despachadores.net\/index.php?rest_route=\/wp\/v2\/pages\/746","targetHints":{"allow":["GET"]}}],"collection":[{"href":"https:\/\/despachadores.net\/index.php?rest_route=\/wp\/v2\/pages"}],"about":[{"href":"https:\/\/despachadores.net\/index.php?rest_route=\/wp\/v2\/types\/page"}],"author":[{"embeddable":true,"href":"https:\/\/despachadores.net\/index.php?rest_route=\/wp\/v2\/users\/2"}],"replies":[{"embeddable":true,"href":"https:\/\/despachadores.net\/index.php?rest_route=%2Fwp%2Fv2%2Fcomments&post=746"}],"version-history":[{"count":0,"href":"https:\/\/despachadores.net\/index.php?rest_route=\/wp\/v2\/pages\/746\/revisions"}],"wp:attachment":[{"href":"https:\/\/despachadores.net\/index.php?rest_route=%2Fwp%2Fv2%2Fmedia&parent=746"}],"curies":[{"name":"wp","href":"https:\/\/api.w.org\/{rel}","templated":true}]}}